{"id":4,"date":"2020-04-19T12:24:04","date_gmt":"2020-04-19T12:24:04","guid":{"rendered":"http:\/\/yoonai.de\/willkommen-auf-http-yoonai-de"},"modified":"2025-04-13T18:17:30","modified_gmt":"2025-04-13T17:17:30","slug":"willkommen-auf-http-yoonai-de","status":"publish","type":"page","link":"https:\/\/yoonai.de\/","title":{"rendered":"Home YOONAI GRAFIKDESIGN"},"content":{"rendered":"\n<figure class=\"wp-block-image size-large wp-duotone-unset-1\"><img loading=\"lazy\" decoding=\"async\" width=\"1024\" height=\"576\" src=\"https:\/\/yoonai.de\/wp-content\/uploads\/2025\/04\/homepage_yoonai_visualisierungen_v003-1024x576.jpg\" alt=\"\" class=\"wp-image-662\" srcset=\"https:\/\/yoonai.de\/wp-content\/uploads\/2025\/04\/homepage_yoonai_visualisierungen_v003-1024x576.jpg 1024w, https:\/\/yoonai.de\/wp-content\/uploads\/2025\/04\/homepage_yoonai_visualisierungen_v003-300x169.jpg 300w, https:\/\/yoonai.de\/wp-content\/uploads\/2025\/04\/homepage_yoonai_visualisierungen_v003-768x432.jpg 768w, https:\/\/yoonai.de\/wp-content\/uploads\/2025\/04\/homepage_yoonai_visualisierungen_v003-1536x864.jpg 1536w, https:\/\/yoonai.de\/wp-content\/uploads\/2025\/04\/homepage_yoonai_visualisierungen_v003-2048x1152.jpg 2048w\" sizes=\"auto, (max-width: 1024px) 100vw, 1024px\" \/><\/figure>\n\n\n\n<div style=\"height:10px;width:0px\" aria-hidden=\"true\" class=\"wp-block-spacer\"><\/div>\n\n\n\n<h4 style=\"text-align: center;\"><span style=\"color: #0099cd;\">Wir visualisieren und animieren Konstruktionen, Planungen und komplexe Ideen unserer Kunden<br>aus den Bereichen Industrie, Architektur und Medizin.<\/span><\/h4>\n\n\n\n<div class=\"wp-block-group alignfull has-background-color has-white-color has-text-color has-link-color wp-elements-fd87c2bfb71b9e0d567a5b43487641c4\" style=\"padding-top:var(--wp--preset--spacing--30);padding-right:var(--wp--preset--spacing--30);padding-bottom:var(--wp--preset--spacing--30);padding-left:var(--wp--preset--spacing--30)\"><div class=\"wp-block-group__inner-container is-layout-constrained wp-container-core-group-is-layout-2 wp-block-group-is-layout-constrained\">\n<div class=\"wp-block-group is-nowrap is-layout-flex wp-container-core-group-is-layout-1 wp-block-group-is-layout-flex\">\n<p class=\"wp-container-content-1\"><\/p>\n\n\n\n<h5><span style=\"color: #333333;\">Mit <strong><a style=\"color: #333333;\" href=\"https:\/\/yoonai.de\/?page_id=35\">3D-Visualisierungen<\/a><\/strong> und <strong><a style=\"color: #333333;\" href=\"https:\/\/yoonai.de\/?page_id=38\">3D-Animationen<\/a><\/strong> setzen wir Produkte emotional in Szene, veranschaulichen Funktionen, Prozesse und technische Verfahren. Durch die enge Zusammenarbeit mit unseren Kunden k\u00f6nnen wir individuelle Bed\u00fcrfnisse genau erfassen und ma\u00dfgeschneiderte L\u00f6sungen entwickeln.<\/span><\/h5>\n\n\n\n<p class=\"wp-container-content-2\"><\/p>\n<\/div>\n<\/div><\/div>\n\n\n\n<div style=\"height:20px;width:0px\" aria-hidden=\"true\" class=\"wp-block-spacer\"><\/div>\n\n\n\n<div class=\"wp-block-group is-content-justification-center is-layout-flex wp-container-core-group-is-layout-3 wp-block-group-is-layout-flex\">\n<figure class=\"wp-block-image size-full\"><a href=\"https:\/\/yoonai.de\/?page_id=35\"><img loading=\"lazy\" decoding=\"async\" width=\"260\" height=\"225\" src=\"https:\/\/yoonai.de\/wp-content\/uploads\/2025\/03\/button_dienstleistungen_3Dvisualisierungen-2.png\" alt=\"\" class=\"wp-image-632\"\/><\/a><\/figure>\n\n\n\n<figure class=\"wp-block-image size-full\"><a href=\"https:\/\/yoonai.de\/?page_id=38\"><img loading=\"lazy\" decoding=\"async\" width=\"260\" height=\"225\" src=\"https:\/\/yoonai.de\/wp-content\/uploads\/2025\/03\/button_dienstleistungen_3Danimationen.png\" alt=\"\" class=\"wp-image-635\"\/><\/a><\/figure>\n\n\n\n<figure class=\"wp-block-image size-full\"><img loading=\"lazy\" decoding=\"async\" width=\"260\" height=\"225\" src=\"https:\/\/yoonai.de\/wp-content\/uploads\/2025\/03\/button_dienstleistungen_mockups-1.png\" alt=\"\" class=\"wp-image-637\"\/><\/figure>\n\n\n\n<figure class=\"wp-block-image size-full\"><img loading=\"lazy\" decoding=\"async\" width=\"260\" height=\"225\" src=\"https:\/\/yoonai.de\/wp-content\/uploads\/2025\/03\/button_dienstleistungen_motiondesign.png\" alt=\"\" class=\"wp-image-647\"\/><\/figure>\n<\/div>\n\n\n\n<div style=\"height:20px;width:0px\" aria-hidden=\"true\" class=\"wp-block-spacer\"><\/div>\n\n\n\n<h4 class=\"wp-block-heading has-text-align-center\"><a href=\"https:\/\/yoonai.de\/?page_id=11\">Jetzt Anfrage senden.<\/a><\/h4>\n","protected":false},"excerpt":{"rendered":"<p>Wir visualisieren und animieren Konstruktionen, Planungen und komplexe Ideen unserer Kundenaus den Bereichen Industrie, Architektur und Medizin. Mit 3D-Visualisierungen und 3D-Animationen setzen wir Produkte emotional in Szene, veranschaulichen Funktionen, Prozesse und technische Verfahren. Durch die enge Zusammenarbeit mit unseren Kunden k\u00f6nnen wir individuelle Bed\u00fcrfnisse genau erfassen und ma\u00dfgeschneiderte L\u00f6sungen entwickeln. Jetzt Anfrage senden.<\/p>\n","protected":false},"author":1,"featured_media":476,"parent":0,"menu_order":0,"comment_status":"closed","ping_status":"open","template":"","meta":{"ngg_post_thumbnail":0,"footnotes":""},"class_list":["post-4","page","type-page","status-publish","has-post-thumbnail","hentry","post","post-with-thumbnail","post-with-thumbnail-large"],"yoast_head":"<!-- This site is optimized with the Yoast SEO plugin v24.7 - https:\/\/yoast.com\/wordpress\/plugins\/seo\/ -->\n<title>Ihre Agentur f\u00fcr 3D-Visualisierungen und 3D-Animationen<\/title>\n<meta name=\"description\" content=\"3D-Visualisierungen - Agentur - 3D-Animationen - Grafik - Explosionszeichnungen - Erkl\u00e4rvideos - 3D-Modelle - 3D-Renderings\" \/>\n<meta name=\"robots\" content=\"index, follow, max-snippet:-1, max-image-preview:large, max-video-preview:-1\" \/>\n<link rel=\"canonical\" href=\"https:\/\/yoonai.de\/\" \/>\n<meta property=\"og:locale\" content=\"de_DE\" \/>\n<meta property=\"og:type\" content=\"article\" \/>\n<meta property=\"og:title\" content=\"Ihre Agentur f\u00fcr 3D-Visualisierungen und 3D-Animationen\" \/>\n<meta property=\"og:description\" content=\"3D-Visualisierungen - Agentur - 3D-Animationen - Grafik - Explosionszeichnungen - Erkl\u00e4rvideos - 3D-Modelle - 3D-Renderings\" \/>\n<meta property=\"og:url\" content=\"https:\/\/yoonai.de\/\" \/>\n<meta property=\"og:site_name\" content=\"YOONAI\" \/>\n<meta property=\"article:modified_time\" content=\"2025-04-13T17:17:30+00:00\" \/>\n<meta property=\"og:image\" content=\"https:\/\/yoonai.de\/wp-content\/uploads\/2025\/03\/car2_xray_final.jpg\" \/>\n\t<meta property=\"og:image:width\" content=\"1920\" \/>\n\t<meta property=\"og:image:height\" content=\"1080\" \/>\n\t<meta property=\"og:image:type\" content=\"image\/jpeg\" \/>\n<meta name=\"twitter:card\" content=\"summary_large_image\" \/>\n<meta name=\"twitter:label1\" content=\"Gesch\u00e4tzte Lesezeit\" \/>\n\t<meta name=\"twitter:data1\" content=\"2\u00a0Minuten\" \/>\n<script type=\"application\/ld+json\" class=\"yoast-schema-graph\">{\"@context\":\"https:\/\/schema.org\",\"@graph\":[{\"@type\":\"WebPage\",\"@id\":\"https:\/\/yoonai.de\/\",\"url\":\"https:\/\/yoonai.de\/\",\"name\":\"Ihre Agentur f\u00fcr 3D-Visualisierungen und 3D-Animationen\",\"isPartOf\":{\"@id\":\"https:\/\/yoonai.de\/#website\"},\"primaryImageOfPage\":{\"@id\":\"https:\/\/yoonai.de\/#primaryimage\"},\"image\":{\"@id\":\"https:\/\/yoonai.de\/#primaryimage\"},\"thumbnailUrl\":\"https:\/\/yoonai.de\/wp-content\/uploads\/2025\/03\/car2_xray_final.jpg\",\"datePublished\":\"2020-04-19T12:24:04+00:00\",\"dateModified\":\"2025-04-13T17:17:30+00:00\",\"description\":\"3D-Visualisierungen - Agentur - 3D-Animationen - Grafik - Explosionszeichnungen - Erkl\u00e4rvideos - 3D-Modelle - 3D-Renderings\",\"breadcrumb\":{\"@id\":\"https:\/\/yoonai.de\/#breadcrumb\"},\"inLanguage\":\"de\",\"potentialAction\":[{\"@type\":\"ReadAction\",\"target\":[\"https:\/\/yoonai.de\/\"]}]},{\"@type\":\"ImageObject\",\"inLanguage\":\"de\",\"@id\":\"https:\/\/yoonai.de\/#primaryimage\",\"url\":\"https:\/\/yoonai.de\/wp-content\/uploads\/2025\/03\/car2_xray_final.jpg\",\"contentUrl\":\"https:\/\/yoonai.de\/wp-content\/uploads\/2025\/03\/car2_xray_final.jpg\",\"width\":1920,\"height\":1080,\"caption\":\"3D-Visualisierung\"},{\"@type\":\"BreadcrumbList\",\"@id\":\"https:\/\/yoonai.de\/#breadcrumb\",\"itemListElement\":[{\"@type\":\"ListItem\",\"position\":1,\"name\":\"Startseite\",\"item\":\"https:\/\/yoonai.de\/\"},{\"@type\":\"ListItem\",\"position\":2,\"name\":\"Home YOONAI GRAFIKDESIGN\"}]},{\"@type\":\"WebSite\",\"@id\":\"https:\/\/yoonai.de\/#website\",\"url\":\"https:\/\/yoonai.de\/\",\"name\":\"YOONAI\",\"description\":\"Grafikdesign\",\"publisher\":{\"@id\":\"https:\/\/yoonai.de\/#organization\"},\"potentialAction\":[{\"@type\":\"SearchAction\",\"target\":{\"@type\":\"EntryPoint\",\"urlTemplate\":\"https:\/\/yoonai.de\/?s={search_term_string}\"},\"query-input\":{\"@type\":\"PropertyValueSpecification\",\"valueRequired\":true,\"valueName\":\"search_term_string\"}}],\"inLanguage\":\"de\"},{\"@type\":\"Organization\",\"@id\":\"https:\/\/yoonai.de\/#organization\",\"name\":\"Yoonai\",\"url\":\"https:\/\/yoonai.de\/\",\"logo\":{\"@type\":\"ImageObject\",\"inLanguage\":\"de\",\"@id\":\"https:\/\/yoonai.de\/#\/schema\/logo\/image\/\",\"url\":\"https:\/\/yoonai.de\/wp-content\/uploads\/2020\/07\/yoonai_logo_v01_invert.png\",\"contentUrl\":\"https:\/\/yoonai.de\/wp-content\/uploads\/2020\/07\/yoonai_logo_v01_invert.png\",\"width\":600,\"height\":165,\"caption\":\"Yoonai\"},\"image\":{\"@id\":\"https:\/\/yoonai.de\/#\/schema\/logo\/image\/\"}}]}<\/script>\n<!-- \/ Yoast SEO plugin. -->","yoast_head_json":{"title":"Ihre Agentur f\u00fcr 3D-Visualisierungen und 3D-Animationen","description":"3D-Visualisierungen - Agentur - 3D-Animationen - Grafik - Explosionszeichnungen - Erkl\u00e4rvideos - 3D-Modelle - 3D-Renderings","robots":{"index":"index","follow":"follow","max-snippet":"max-snippet:-1","max-image-preview":"max-image-preview:large","max-video-preview":"max-video-preview:-1"},"canonical":"https:\/\/yoonai.de\/","og_locale":"de_DE","og_type":"article","og_title":"Ihre Agentur f\u00fcr 3D-Visualisierungen und 3D-Animationen","og_description":"3D-Visualisierungen - Agentur - 3D-Animationen - Grafik - Explosionszeichnungen - Erkl\u00e4rvideos - 3D-Modelle - 3D-Renderings","og_url":"https:\/\/yoonai.de\/","og_site_name":"YOONAI","article_modified_time":"2025-04-13T17:17:30+00:00","og_image":[{"width":1920,"height":1080,"url":"https:\/\/yoonai.de\/wp-content\/uploads\/2025\/03\/car2_xray_final.jpg","type":"image\/jpeg"}],"twitter_card":"summary_large_image","twitter_misc":{"Gesch\u00e4tzte Lesezeit":"2\u00a0Minuten"},"schema":{"@context":"https:\/\/schema.org","@graph":[{"@type":"WebPage","@id":"https:\/\/yoonai.de\/","url":"https:\/\/yoonai.de\/","name":"Ihre Agentur f\u00fcr 3D-Visualisierungen und 3D-Animationen","isPartOf":{"@id":"https:\/\/yoonai.de\/#website"},"primaryImageOfPage":{"@id":"https:\/\/yoonai.de\/#primaryimage"},"image":{"@id":"https:\/\/yoonai.de\/#primaryimage"},"thumbnailUrl":"https:\/\/yoonai.de\/wp-content\/uploads\/2025\/03\/car2_xray_final.jpg","datePublished":"2020-04-19T12:24:04+00:00","dateModified":"2025-04-13T17:17:30+00:00","description":"3D-Visualisierungen - Agentur - 3D-Animationen - Grafik - Explosionszeichnungen - Erkl\u00e4rvideos - 3D-Modelle - 3D-Renderings","breadcrumb":{"@id":"https:\/\/yoonai.de\/#breadcrumb"},"inLanguage":"de","potentialAction":[{"@type":"ReadAction","target":["https:\/\/yoonai.de\/"]}]},{"@type":"ImageObject","inLanguage":"de","@id":"https:\/\/yoonai.de\/#primaryimage","url":"https:\/\/yoonai.de\/wp-content\/uploads\/2025\/03\/car2_xray_final.jpg","contentUrl":"https:\/\/yoonai.de\/wp-content\/uploads\/2025\/03\/car2_xray_final.jpg","width":1920,"height":1080,"caption":"3D-Visualisierung"},{"@type":"BreadcrumbList","@id":"https:\/\/yoonai.de\/#breadcrumb","itemListElement":[{"@type":"ListItem","position":1,"name":"Startseite","item":"https:\/\/yoonai.de\/"},{"@type":"ListItem","position":2,"name":"Home YOONAI GRAFIKDESIGN"}]},{"@type":"WebSite","@id":"https:\/\/yoonai.de\/#website","url":"https:\/\/yoonai.de\/","name":"YOONAI","description":"Grafikdesign","publisher":{"@id":"https:\/\/yoonai.de\/#organization"},"potentialAction":[{"@type":"SearchAction","target":{"@type":"EntryPoint","urlTemplate":"https:\/\/yoonai.de\/?s={search_term_string}"},"query-input":{"@type":"PropertyValueSpecification","valueRequired":true,"valueName":"search_term_string"}}],"inLanguage":"de"},{"@type":"Organization","@id":"https:\/\/yoonai.de\/#organization","name":"Yoonai","url":"https:\/\/yoonai.de\/","logo":{"@type":"ImageObject","inLanguage":"de","@id":"https:\/\/yoonai.de\/#\/schema\/logo\/image\/","url":"https:\/\/yoonai.de\/wp-content\/uploads\/2020\/07\/yoonai_logo_v01_invert.png","contentUrl":"https:\/\/yoonai.de\/wp-content\/uploads\/2020\/07\/yoonai_logo_v01_invert.png","width":600,"height":165,"caption":"Yoonai"},"image":{"@id":"https:\/\/yoonai.de\/#\/schema\/logo\/image\/"}}]}},"_links":{"self":[{"href":"https:\/\/yoonai.de\/index.php?rest_route=\/wp\/v2\/pages\/4","targetHints":{"allow":["GET"]}}],"collection":[{"href":"https:\/\/yoonai.de\/index.php?rest_route=\/wp\/v2\/pages"}],"about":[{"href":"https:\/\/yoonai.de\/index.php?rest_route=\/wp\/v2\/types\/page"}],"author":[{"embeddable":true,"href":"https:\/\/yoonai.de\/index.php?rest_route=\/wp\/v2\/users\/1"}],"replies":[{"embeddable":true,"href":"https:\/\/yoonai.de\/index.php?rest_route=%2Fwp%2Fv2%2Fcomments&post=4"}],"version-history":[{"count":119,"href":"https:\/\/yoonai.de\/index.php?rest_route=\/wp\/v2\/pages\/4\/revisions"}],"predecessor-version":[{"id":686,"href":"https:\/\/yoonai.de\/index.php?rest_route=\/wp\/v2\/pages\/4\/revisions\/686"}],"wp:featuredmedia":[{"embeddable":true,"href":"https:\/\/yoonai.de\/index.php?rest_route=\/wp\/v2\/media\/476"}],"wp:attachment":[{"href":"https:\/\/yoonai.de\/index.php?rest_route=%2Fwp%2Fv2%2Fmedia&parent=4"}],"curies":[{"name":"wp","href":"https:\/\/api.w.org\/{rel}","templated":true}]}}