{"id":38,"date":"2020-04-20T10:34:04","date_gmt":"2020-04-20T10:34:04","guid":{"rendered":"http:\/\/yoonai.de\/?page_id=38"},"modified":"2025-04-13T18:15:17","modified_gmt":"2025-04-13T17:15:17","slug":"3d-animationen","status":"publish","type":"page","link":"https:\/\/yoonai.de\/?page_id=38","title":{"rendered":"3D-Animationen"},"content":{"rendered":"\n<h2 class=\"wp-block-heading\">3D-Modelle in qualifizierten 3D-Animationen und Erkl\u00e4rvideos<\/h2>\n\n\n\n<p>Unsere professionellen 3D-Animationen bringen Ihre Ideen zum Leben und erm\u00f6glichen es Ihnen, komplexe Konzepte auf eine ansprechende und verst\u00e4ndliche Weise zu pr\u00e4sentieren. Egal, ob f\u00fcr Marketing, Schulungen oder Unterhaltung \u2013 wir bieten ma\u00dfgeschneiderte Animationen, die Ihre Zielgruppe fesseln.<\/p>\n\n\n\n<div style=\"height:20px\" aria-hidden=\"true\" class=\"wp-block-spacer\"><\/div>\n\n\n\n<h2 class=\"wp-block-heading\">Ihre 3D-Agentur f\u00fcr 3D-Renderings<\/h2>\n\n\n\n<p>Von der Konzeption und Storyboard \u00fcber texturierte 3D-Modelle aus CAD-Daten bis zu fertigen <a href=\"https:\/\/yoonai.de\/?page_id=35\">3D-Renderings<\/a> und 3D-Animationen sind Sie als Kunde immer ganz nah am Produktionsprozess.<\/p>\n\n\n\n<ul class=\"wp-block-list\">\n<li><a href=\"https:\/\/yoonai.de\/?page_id=35\">3D Visualisierungen<\/a> und 3D-Animationen auf Basis bestehender CAD-Daten<\/li>\n\n\n\n<li>Erkl\u00e4rvideos und animierte Explosionszeichnungen von erkl\u00e4rungsw\u00fcrdigen Produkten<\/li>\n\n\n\n<li>Darstellung technischer Vorg\u00e4nge und Aufbauprozessen<\/li>\n<\/ul>\n\n\n\n<div style=\"height:20px\" aria-hidden=\"true\" class=\"wp-block-spacer\"><\/div>\n","protected":false},"excerpt":{"rendered":"<p>3D-Modelle in qualifizierten 3D-Animationen und Erkl\u00e4rvideos Unsere professionellen 3D-Animationen bringen Ihre Ideen zum Leben und erm\u00f6glichen es Ihnen, komplexe Konzepte auf eine ansprechende und verst\u00e4ndliche Weise zu pr\u00e4sentieren. Egal, ob f\u00fcr Marketing, Schulungen oder Unterhaltung \u2013 wir bieten ma\u00dfgeschneiderte Animationen, die Ihre Zielgruppe fesseln. Ihre 3D-Agentur f\u00fcr 3D-Renderings Von der Konzeption und Storyboard \u00fcber texturierte [&hellip;]<\/p>\n","protected":false},"author":1,"featured_media":0,"parent":12,"menu_order":1,"comment_status":"closed","ping_status":"closed","template":"","meta":{"ngg_post_thumbnail":0,"footnotes":""},"class_list":["post-38","page","type-page","status-publish","hentry","post"],"yoast_head":"<!-- This site is optimized with the Yoast SEO plugin v24.7 - https:\/\/yoast.com\/wordpress\/plugins\/seo\/ -->\n<title>Explosionszeichnungen, Erkl\u00e4rvideos, 3D-Modelle, 3D-Agentur<\/title>\n<meta name=\"description\" content=\"Erkl\u00e4rvideos - Agentur - 3D-Animationen - Grafik - Explosionszeichnungen- 3D-Agentur - 3D-Modelle - 3D-Renderings - 3D Produktanimation\" \/>\n<meta name=\"robots\" content=\"index, follow, max-snippet:-1, max-image-preview:large, max-video-preview:-1\" \/>\n<link rel=\"canonical\" href=\"https:\/\/yoonai.de\/?page_id=38\" \/>\n<meta property=\"og:locale\" content=\"de_DE\" \/>\n<meta property=\"og:type\" content=\"article\" \/>\n<meta property=\"og:title\" content=\"Explosionszeichnungen, Erkl\u00e4rvideos, 3D-Modelle, 3D-Agentur\" \/>\n<meta property=\"og:description\" content=\"Erkl\u00e4rvideos - Agentur - 3D-Animationen - Grafik - Explosionszeichnungen- 3D-Agentur - 3D-Modelle - 3D-Renderings - 3D Produktanimation\" \/>\n<meta property=\"og:url\" content=\"https:\/\/yoonai.de\/?page_id=38\" \/>\n<meta property=\"og:site_name\" content=\"YOONAI\" \/>\n<meta property=\"article:modified_time\" content=\"2025-04-13T17:15:17+00:00\" \/>\n<meta name=\"twitter:card\" content=\"summary_large_image\" \/>\n<meta name=\"twitter:label1\" content=\"Gesch\u00e4tzte Lesezeit\" \/>\n\t<meta name=\"twitter:data1\" content=\"1\u00a0Minute\" \/>\n<script type=\"application\/ld+json\" class=\"yoast-schema-graph\">{\"@context\":\"https:\/\/schema.org\",\"@graph\":[{\"@type\":\"WebPage\",\"@id\":\"https:\/\/yoonai.de\/?page_id=38\",\"url\":\"https:\/\/yoonai.de\/?page_id=38\",\"name\":\"Explosionszeichnungen, Erkl\u00e4rvideos, 3D-Modelle, 3D-Agentur\",\"isPartOf\":{\"@id\":\"https:\/\/yoonai.de\/#website\"},\"datePublished\":\"2020-04-20T10:34:04+00:00\",\"dateModified\":\"2025-04-13T17:15:17+00:00\",\"description\":\"Erkl\u00e4rvideos - Agentur - 3D-Animationen - Grafik - Explosionszeichnungen- 3D-Agentur - 3D-Modelle - 3D-Renderings - 3D Produktanimation\",\"breadcrumb\":{\"@id\":\"https:\/\/yoonai.de\/?page_id=38#breadcrumb\"},\"inLanguage\":\"de\",\"potentialAction\":[{\"@type\":\"ReadAction\",\"target\":[\"https:\/\/yoonai.de\/?page_id=38\"]}]},{\"@type\":\"BreadcrumbList\",\"@id\":\"https:\/\/yoonai.de\/?page_id=38#breadcrumb\",\"itemListElement\":[{\"@type\":\"ListItem\",\"position\":1,\"name\":\"Startseite\",\"item\":\"https:\/\/yoonai.de\/\"},{\"@type\":\"ListItem\",\"position\":2,\"name\":\"Leistungen\",\"item\":\"https:\/\/yoonai.de\/?page_id=12\"},{\"@type\":\"ListItem\",\"position\":3,\"name\":\"3D-Animationen\"}]},{\"@type\":\"WebSite\",\"@id\":\"https:\/\/yoonai.de\/#website\",\"url\":\"https:\/\/yoonai.de\/\",\"name\":\"YOONAI\",\"description\":\"Grafikdesign\",\"publisher\":{\"@id\":\"https:\/\/yoonai.de\/#organization\"},\"potentialAction\":[{\"@type\":\"SearchAction\",\"target\":{\"@type\":\"EntryPoint\",\"urlTemplate\":\"https:\/\/yoonai.de\/?s={search_term_string}\"},\"query-input\":{\"@type\":\"PropertyValueSpecification\",\"valueRequired\":true,\"valueName\":\"search_term_string\"}}],\"inLanguage\":\"de\"},{\"@type\":\"Organization\",\"@id\":\"https:\/\/yoonai.de\/#organization\",\"name\":\"Yoonai\",\"url\":\"https:\/\/yoonai.de\/\",\"logo\":{\"@type\":\"ImageObject\",\"inLanguage\":\"de\",\"@id\":\"https:\/\/yoonai.de\/#\/schema\/logo\/image\/\",\"url\":\"https:\/\/yoonai.de\/wp-content\/uploads\/2020\/07\/yoonai_logo_v01_invert.png\",\"contentUrl\":\"https:\/\/yoonai.de\/wp-content\/uploads\/2020\/07\/yoonai_logo_v01_invert.png\",\"width\":600,\"height\":165,\"caption\":\"Yoonai\"},\"image\":{\"@id\":\"https:\/\/yoonai.de\/#\/schema\/logo\/image\/\"}}]}<\/script>\n<!-- \/ Yoast SEO plugin. -->","yoast_head_json":{"title":"Explosionszeichnungen, Erkl\u00e4rvideos, 3D-Modelle, 3D-Agentur","description":"Erkl\u00e4rvideos - Agentur - 3D-Animationen - Grafik - Explosionszeichnungen- 3D-Agentur - 3D-Modelle - 3D-Renderings - 3D Produktanimation","robots":{"index":"index","follow":"follow","max-snippet":"max-snippet:-1","max-image-preview":"max-image-preview:large","max-video-preview":"max-video-preview:-1"},"canonical":"https:\/\/yoonai.de\/?page_id=38","og_locale":"de_DE","og_type":"article","og_title":"Explosionszeichnungen, Erkl\u00e4rvideos, 3D-Modelle, 3D-Agentur","og_description":"Erkl\u00e4rvideos - Agentur - 3D-Animationen - Grafik - Explosionszeichnungen- 3D-Agentur - 3D-Modelle - 3D-Renderings - 3D Produktanimation","og_url":"https:\/\/yoonai.de\/?page_id=38","og_site_name":"YOONAI","article_modified_time":"2025-04-13T17:15:17+00:00","twitter_card":"summary_large_image","twitter_misc":{"Gesch\u00e4tzte Lesezeit":"1\u00a0Minute"},"schema":{"@context":"https:\/\/schema.org","@graph":[{"@type":"WebPage","@id":"https:\/\/yoonai.de\/?page_id=38","url":"https:\/\/yoonai.de\/?page_id=38","name":"Explosionszeichnungen, Erkl\u00e4rvideos, 3D-Modelle, 3D-Agentur","isPartOf":{"@id":"https:\/\/yoonai.de\/#website"},"datePublished":"2020-04-20T10:34:04+00:00","dateModified":"2025-04-13T17:15:17+00:00","description":"Erkl\u00e4rvideos - Agentur - 3D-Animationen - Grafik - Explosionszeichnungen- 3D-Agentur - 3D-Modelle - 3D-Renderings - 3D Produktanimation","breadcrumb":{"@id":"https:\/\/yoonai.de\/?page_id=38#breadcrumb"},"inLanguage":"de","potentialAction":[{"@type":"ReadAction","target":["https:\/\/yoonai.de\/?page_id=38"]}]},{"@type":"BreadcrumbList","@id":"https:\/\/yoonai.de\/?page_id=38#breadcrumb","itemListElement":[{"@type":"ListItem","position":1,"name":"Startseite","item":"https:\/\/yoonai.de\/"},{"@type":"ListItem","position":2,"name":"Leistungen","item":"https:\/\/yoonai.de\/?page_id=12"},{"@type":"ListItem","position":3,"name":"3D-Animationen"}]},{"@type":"WebSite","@id":"https:\/\/yoonai.de\/#website","url":"https:\/\/yoonai.de\/","name":"YOONAI","description":"Grafikdesign","publisher":{"@id":"https:\/\/yoonai.de\/#organization"},"potentialAction":[{"@type":"SearchAction","target":{"@type":"EntryPoint","urlTemplate":"https:\/\/yoonai.de\/?s={search_term_string}"},"query-input":{"@type":"PropertyValueSpecification","valueRequired":true,"valueName":"search_term_string"}}],"inLanguage":"de"},{"@type":"Organization","@id":"https:\/\/yoonai.de\/#organization","name":"Yoonai","url":"https:\/\/yoonai.de\/","logo":{"@type":"ImageObject","inLanguage":"de","@id":"https:\/\/yoonai.de\/#\/schema\/logo\/image\/","url":"https:\/\/yoonai.de\/wp-content\/uploads\/2020\/07\/yoonai_logo_v01_invert.png","contentUrl":"https:\/\/yoonai.de\/wp-content\/uploads\/2020\/07\/yoonai_logo_v01_invert.png","width":600,"height":165,"caption":"Yoonai"},"image":{"@id":"https:\/\/yoonai.de\/#\/schema\/logo\/image\/"}}]}},"_links":{"self":[{"href":"https:\/\/yoonai.de\/index.php?rest_route=\/wp\/v2\/pages\/38","targetHints":{"allow":["GET"]}}],"collection":[{"href":"https:\/\/yoonai.de\/index.php?rest_route=\/wp\/v2\/pages"}],"about":[{"href":"https:\/\/yoonai.de\/index.php?rest_route=\/wp\/v2\/types\/page"}],"author":[{"embeddable":true,"href":"https:\/\/yoonai.de\/index.php?rest_route=\/wp\/v2\/users\/1"}],"replies":[{"embeddable":true,"href":"https:\/\/yoonai.de\/index.php?rest_route=%2Fwp%2Fv2%2Fcomments&post=38"}],"version-history":[{"count":60,"href":"https:\/\/yoonai.de\/index.php?rest_route=\/wp\/v2\/pages\/38\/revisions"}],"predecessor-version":[{"id":684,"href":"https:\/\/yoonai.de\/index.php?rest_route=\/wp\/v2\/pages\/38\/revisions\/684"}],"up":[{"embeddable":true,"href":"https:\/\/yoonai.de\/index.php?rest_route=\/wp\/v2\/pages\/12"}],"wp:attachment":[{"href":"https:\/\/yoonai.de\/index.php?rest_route=%2Fwp%2Fv2%2Fmedia&parent=38"}],"curies":[{"name":"wp","href":"https:\/\/api.w.org\/{rel}","templated":true}]}}