{"id":35,"date":"2020-04-20T10:31:57","date_gmt":"2020-04-20T10:31:57","guid":{"rendered":"http:\/\/yoonai.de\/?page_id=35"},"modified":"2025-04-21T18:20:35","modified_gmt":"2025-04-21T17:20:35","slug":"3d-visualisierungen-und-3d-animationen","status":"publish","type":"page","link":"https:\/\/yoonai.de\/?page_id=35","title":{"rendered":"3D-Visualisierungen"},"content":{"rendered":"\n<figure class=\"wp-block-image size-large\"><img loading=\"lazy\" decoding=\"async\" width=\"1024\" height=\"503\" src=\"https:\/\/yoonai.de\/wp-content\/uploads\/2025\/04\/car2_xray_final-1024x503.jpg\" alt=\"\" class=\"wp-image-650\" srcset=\"https:\/\/yoonai.de\/wp-content\/uploads\/2025\/04\/car2_xray_final-1024x503.jpg 1024w, https:\/\/yoonai.de\/wp-content\/uploads\/2025\/04\/car2_xray_final-300x148.jpg 300w, https:\/\/yoonai.de\/wp-content\/uploads\/2025\/04\/car2_xray_final-768x378.jpg 768w, https:\/\/yoonai.de\/wp-content\/uploads\/2025\/04\/car2_xray_final-1536x755.jpg 1536w, https:\/\/yoonai.de\/wp-content\/uploads\/2025\/04\/car2_xray_final.jpg 1920w\" sizes=\"auto, (max-width: 1024px) 100vw, 1024px\" \/><\/figure>\n\n\n\n<p class=\"has-text-align-center\">Wir bieten Ihnen professionelle 3D-Visualisierungen, die Ihre Ideen und Produkte lebendig werden lassen. Egal, ob Sie ein neues Produkt vorstellen oder ein Konzept veranschaulichen m\u00f6chten \u2013 wir helfen Ihnen, Ihre Visionen klar und ansprechend zu pr\u00e4sentieren. Mit unseren 3D-Darstellungen k\u00f6nnen Sie komplexe Informationen einfach verst\u00e4ndlich machen und Ihre Zielgruppe begeistern. Lassen Sie uns gemeinsam Ihre Projekte in beeindruckende Bilder verwandeln!<\/p>\n\n\n\n<div style=\"height:30px\" aria-hidden=\"true\" class=\"wp-block-spacer\"><\/div>\n\n\n\n<div class=\"wp-block-columns is-layout-flex wp-container-core-columns-is-layout-1 wp-block-columns-is-layout-flex\">\n<div class=\"wp-block-column is-layout-flow wp-block-column-is-layout-flow\"><\/div>\n\n\n\n<div class=\"wp-block-column is-layout-flow wp-block-column-is-layout-flow\">\n<ul class=\"wp-block-list\">\n<li>Produktvisualisierungen<\/li>\n\n\n\n<li>Keyvisuals<\/li>\n\n\n\n<li>technische Visualisierungen<\/li>\n\n\n\n<li>Architekturvisualisierungen<\/li>\n\n\n\n<li>Erstellung von 3D-Modellen<\/li>\n<\/ul>\n<\/div>\n\n\n\n<div class=\"wp-block-column is-layout-flow wp-block-column-is-layout-flow\"><\/div>\n<\/div>\n\n\n\n<div style=\"height:30px\" aria-hidden=\"true\" class=\"wp-block-spacer\"><\/div>\n\n\n\n<div class=\"wp-block-media-text is-stacked-on-mobile\"><figure class=\"wp-block-media-text__media\"><a href=\"https:\/\/yoonai.de\/wp-content\/uploads\/2025\/04\/homepage_yoonai_produktvisualisierung-scaled.jpg\"><img loading=\"lazy\" decoding=\"async\" width=\"1024\" height=\"576\" src=\"https:\/\/yoonai.de\/wp-content\/uploads\/2025\/04\/homepage_yoonai_produktvisualisierung-1024x576.jpg\" alt=\"\" class=\"wp-image-661 size-full\" srcset=\"https:\/\/yoonai.de\/wp-content\/uploads\/2025\/04\/homepage_yoonai_produktvisualisierung-1024x576.jpg 1024w, https:\/\/yoonai.de\/wp-content\/uploads\/2025\/04\/homepage_yoonai_produktvisualisierung-300x169.jpg 300w, https:\/\/yoonai.de\/wp-content\/uploads\/2025\/04\/homepage_yoonai_produktvisualisierung-768x432.jpg 768w, https:\/\/yoonai.de\/wp-content\/uploads\/2025\/04\/homepage_yoonai_produktvisualisierung-1536x864.jpg 1536w, https:\/\/yoonai.de\/wp-content\/uploads\/2025\/04\/homepage_yoonai_produktvisualisierung-2048x1152.jpg 2048w\" sizes=\"auto, (max-width: 1024px) 100vw, 1024px\" \/><\/a><\/figure><div class=\"wp-block-media-text__content\">\n<h2 class=\"wp-block-heading\">Produktvisualisierungen<\/h2>\n\n\n\n<p>Entdecken Sie die Kraft der Produktvisualisierung! Unsere spezialisierten 3D-Visualisierungen helfen Ihnen, Ihre Produkte in einem neuen Licht zu pr\u00e4sentieren. Ob f\u00fcr Marketingzwecke, Online-Shops oder Pr\u00e4sentationen \u2013 wir erstellen realistische und ansprechende Darstellungen, die die Vorteile und Details Ihrer Produkte hervorheben. Durch unsere hochwertigen Renderings k\u00f6nnen Ihre Kunden die Produkte aus verschiedenen Perspektiven betrachten und sich ein genaues Bild machen, bevor sie eine Kaufentscheidung treffen. Vertrauen Sie auf unsere Expertise, um Ihre Produkte ins Rampenlicht zu r\u00fccken!<\/p>\n<\/div><\/div>\n\n\n\n<div style=\"height:30px\" aria-hidden=\"true\" class=\"wp-block-spacer\"><\/div>\n\n\n\n<div class=\"wp-block-media-text has-media-on-the-right is-stacked-on-mobile\"><div class=\"wp-block-media-text__content\">\n<h2 class=\"wp-block-heading\">Architekturvisualisierungen<\/h2>\n\n\n\n<p>Gestalten Sie die Zukunft mit unseren Architekturrenderings! Unsere 3D-Visualisierungen f\u00fcr Architekturprojekte bieten Ihnen die M\u00f6glichkeit, Ihre Entw\u00fcrfe lebendig werden zu lassen. Ob f\u00fcr Pr\u00e4sentationen, Wettbewerbe oder Marketing \u2013 wir erstellen beeindruckende und realistische Darstellungen Ihrer Bauprojekte. Unsere Renderings helfen Ihnen, Ihre Visionen klar zu kommunizieren und potenzielle Investoren sowie Kunden zu \u00fcberzeugen. Lassen Sie uns gemeinsam Ihre architektonischen Tr\u00e4ume in beeindruckende Bilder verwandeln!<\/p>\n<\/div><figure class=\"wp-block-media-text__media\"><a href=\"https:\/\/yoonai.de\/wp-content\/uploads\/2025\/04\/homepage_yoonai_architekturvisualisierung_typ01-1-scaled.jpg\"><img loading=\"lazy\" decoding=\"async\" width=\"1024\" height=\"576\" src=\"https:\/\/yoonai.de\/wp-content\/uploads\/2025\/04\/homepage_yoonai_architekturvisualisierung_typ01-1-1024x576.jpg\" alt=\"\" class=\"wp-image-660 size-full\" srcset=\"https:\/\/yoonai.de\/wp-content\/uploads\/2025\/04\/homepage_yoonai_architekturvisualisierung_typ01-1-1024x576.jpg 1024w, https:\/\/yoonai.de\/wp-content\/uploads\/2025\/04\/homepage_yoonai_architekturvisualisierung_typ01-1-300x169.jpg 300w, https:\/\/yoonai.de\/wp-content\/uploads\/2025\/04\/homepage_yoonai_architekturvisualisierung_typ01-1-768x432.jpg 768w, https:\/\/yoonai.de\/wp-content\/uploads\/2025\/04\/homepage_yoonai_architekturvisualisierung_typ01-1-1536x864.jpg 1536w, https:\/\/yoonai.de\/wp-content\/uploads\/2025\/04\/homepage_yoonai_architekturvisualisierung_typ01-1-2048x1152.jpg 2048w\" sizes=\"auto, (max-width: 1024px) 100vw, 1024px\" \/><\/a><\/figure><\/div>\n\n\n\n<div style=\"height:20px\" aria-hidden=\"true\" class=\"wp-block-spacer\"><\/div>\n\n\n\n<div class=\"wp-block-media-text is-stacked-on-mobile\"><figure class=\"wp-block-media-text__media\"><a href=\"https:\/\/yoonai.de\/wp-content\/uploads\/2025\/04\/homepage_yoonai_industrievisualisierung-scaled.jpg\"><img loading=\"lazy\" decoding=\"async\" width=\"1024\" height=\"576\" src=\"https:\/\/yoonai.de\/wp-content\/uploads\/2025\/04\/homepage_yoonai_industrievisualisierung-1024x576.jpg\" alt=\"\" class=\"wp-image-688 size-full\" srcset=\"https:\/\/yoonai.de\/wp-content\/uploads\/2025\/04\/homepage_yoonai_industrievisualisierung-1024x576.jpg 1024w, https:\/\/yoonai.de\/wp-content\/uploads\/2025\/04\/homepage_yoonai_industrievisualisierung-300x169.jpg 300w, https:\/\/yoonai.de\/wp-content\/uploads\/2025\/04\/homepage_yoonai_industrievisualisierung-768x432.jpg 768w, https:\/\/yoonai.de\/wp-content\/uploads\/2025\/04\/homepage_yoonai_industrievisualisierung-1536x864.jpg 1536w, https:\/\/yoonai.de\/wp-content\/uploads\/2025\/04\/homepage_yoonai_industrievisualisierung-2048x1152.jpg 2048w\" sizes=\"auto, (max-width: 1024px) 100vw, 1024px\" \/><\/a><\/figure><div class=\"wp-block-media-text__content\">\n<h2 class=\"wp-block-heading\">Industrievisualisierungen<\/h2>\n\n\n\n<p>Unsere 3D-Industrievisualisierungen helfen Ihnen, komplexe Maschinen, Anlagen und Produktionsabl\u00e4ufe klar und verst\u00e4ndlich zu pr\u00e4sentieren. Ob f\u00fcr interne Schulungen, Marketing oder Messen \u2013 wir verwandeln Ihre Ideen in beeindruckende, detailreiche Visualisierungen. Lassen Sie uns gemeinsam Ihre Projekte in beeindruckende 3D-Visualisierungen umsetzen! Kontaktieren Sie uns f\u00fcr eine individuelle Beratung.<\/p>\n<\/div><\/div>\n\n\n\n<div style=\"height:20px\" aria-hidden=\"true\" class=\"wp-block-spacer\"><\/div>\n\n\n\n<h4 class=\"wp-block-heading has-text-align-center\"><a href=\"https:\/\/yoonai.de\/?page_id=11\">Jetzt Anfrage senden.<\/a><\/h4>\n","protected":false},"excerpt":{"rendered":"<p>Wir bieten Ihnen professionelle 3D-Visualisierungen, die Ihre Ideen und Produkte lebendig werden lassen. Egal, ob Sie ein neues Produkt vorstellen oder ein Konzept veranschaulichen m\u00f6chten \u2013 wir helfen Ihnen, Ihre Visionen klar und ansprechend zu pr\u00e4sentieren. Mit unseren 3D-Darstellungen k\u00f6nnen Sie komplexe Informationen einfach verst\u00e4ndlich machen und Ihre Zielgruppe begeistern. Lassen Sie uns gemeinsam Ihre [&hellip;]<\/p>\n","protected":false},"author":1,"featured_media":0,"parent":12,"menu_order":2,"comment_status":"closed","ping_status":"closed","template":"","meta":{"ngg_post_thumbnail":0,"footnotes":""},"class_list":["post-35","page","type-page","status-publish","hentry","post"],"yoast_head":"<!-- This site is optimized with the Yoast SEO plugin v24.7 - https:\/\/yoast.com\/wordpress\/plugins\/seo\/ -->\n<title>3D Visualisierungen und Produktvisualisierung - Ihre 3D-Renderings<\/title>\n<meta name=\"description\" content=\"3D-Visualisierungen - Agentur - 3D-Animationen - 3D-Grafiken - 3D Produktvisualisierung - 3D Produktanimation - 3D-Modelle - 3D-Renderings\" \/>\n<meta name=\"robots\" content=\"index, follow, max-snippet:-1, max-image-preview:large, max-video-preview:-1\" \/>\n<link rel=\"canonical\" href=\"https:\/\/yoonai.de\/?page_id=35\" \/>\n<meta property=\"og:locale\" content=\"de_DE\" \/>\n<meta property=\"og:type\" content=\"article\" \/>\n<meta property=\"og:title\" content=\"3D Visualisierungen und Produktvisualisierung - Ihre 3D-Renderings\" \/>\n<meta property=\"og:description\" content=\"3D-Visualisierungen - Agentur - 3D-Animationen - 3D-Grafiken - 3D Produktvisualisierung - 3D Produktanimation - 3D-Modelle - 3D-Renderings\" \/>\n<meta property=\"og:url\" content=\"https:\/\/yoonai.de\/?page_id=35\" \/>\n<meta property=\"og:site_name\" content=\"YOONAI\" \/>\n<meta property=\"article:modified_time\" content=\"2025-04-21T17:20:35+00:00\" \/>\n<meta property=\"og:image\" content=\"https:\/\/yoonai.de\/wp-content\/uploads\/2025\/04\/car2_xray_final.jpg\" \/>\n\t<meta property=\"og:image:width\" content=\"1920\" \/>\n\t<meta property=\"og:image:height\" content=\"944\" \/>\n\t<meta property=\"og:image:type\" content=\"image\/jpeg\" \/>\n<meta name=\"twitter:card\" content=\"summary_large_image\" \/>\n<meta name=\"twitter:label1\" content=\"Gesch\u00e4tzte Lesezeit\" \/>\n\t<meta name=\"twitter:data1\" content=\"3\u00a0Minuten\" \/>\n<script type=\"application\/ld+json\" class=\"yoast-schema-graph\">{\"@context\":\"https:\/\/schema.org\",\"@graph\":[{\"@type\":\"WebPage\",\"@id\":\"https:\/\/yoonai.de\/?page_id=35\",\"url\":\"https:\/\/yoonai.de\/?page_id=35\",\"name\":\"3D Visualisierungen und Produktvisualisierung - Ihre 3D-Renderings\",\"isPartOf\":{\"@id\":\"https:\/\/yoonai.de\/#website\"},\"primaryImageOfPage\":{\"@id\":\"https:\/\/yoonai.de\/?page_id=35#primaryimage\"},\"image\":{\"@id\":\"https:\/\/yoonai.de\/?page_id=35#primaryimage\"},\"thumbnailUrl\":\"https:\/\/yoonai.de\/wp-content\/uploads\/2025\/04\/car2_xray_final-1024x503.jpg\",\"datePublished\":\"2020-04-20T10:31:57+00:00\",\"dateModified\":\"2025-04-21T17:20:35+00:00\",\"description\":\"3D-Visualisierungen - Agentur - 3D-Animationen - 3D-Grafiken - 3D Produktvisualisierung - 3D Produktanimation - 3D-Modelle - 3D-Renderings\",\"breadcrumb\":{\"@id\":\"https:\/\/yoonai.de\/?page_id=35#breadcrumb\"},\"inLanguage\":\"de\",\"potentialAction\":[{\"@type\":\"ReadAction\",\"target\":[\"https:\/\/yoonai.de\/?page_id=35\"]}]},{\"@type\":\"ImageObject\",\"inLanguage\":\"de\",\"@id\":\"https:\/\/yoonai.de\/?page_id=35#primaryimage\",\"url\":\"https:\/\/yoonai.de\/wp-content\/uploads\/2025\/04\/car2_xray_final.jpg\",\"contentUrl\":\"https:\/\/yoonai.de\/wp-content\/uploads\/2025\/04\/car2_xray_final.jpg\",\"width\":1920,\"height\":944},{\"@type\":\"BreadcrumbList\",\"@id\":\"https:\/\/yoonai.de\/?page_id=35#breadcrumb\",\"itemListElement\":[{\"@type\":\"ListItem\",\"position\":1,\"name\":\"Startseite\",\"item\":\"https:\/\/yoonai.de\/\"},{\"@type\":\"ListItem\",\"position\":2,\"name\":\"Leistungen\",\"item\":\"https:\/\/yoonai.de\/?page_id=12\"},{\"@type\":\"ListItem\",\"position\":3,\"name\":\"3D-Visualisierungen\"}]},{\"@type\":\"WebSite\",\"@id\":\"https:\/\/yoonai.de\/#website\",\"url\":\"https:\/\/yoonai.de\/\",\"name\":\"YOONAI\",\"description\":\"Grafikdesign\",\"publisher\":{\"@id\":\"https:\/\/yoonai.de\/#organization\"},\"potentialAction\":[{\"@type\":\"SearchAction\",\"target\":{\"@type\":\"EntryPoint\",\"urlTemplate\":\"https:\/\/yoonai.de\/?s={search_term_string}\"},\"query-input\":{\"@type\":\"PropertyValueSpecification\",\"valueRequired\":true,\"valueName\":\"search_term_string\"}}],\"inLanguage\":\"de\"},{\"@type\":\"Organization\",\"@id\":\"https:\/\/yoonai.de\/#organization\",\"name\":\"Yoonai\",\"url\":\"https:\/\/yoonai.de\/\",\"logo\":{\"@type\":\"ImageObject\",\"inLanguage\":\"de\",\"@id\":\"https:\/\/yoonai.de\/#\/schema\/logo\/image\/\",\"url\":\"https:\/\/yoonai.de\/wp-content\/uploads\/2020\/07\/yoonai_logo_v01_invert.png\",\"contentUrl\":\"https:\/\/yoonai.de\/wp-content\/uploads\/2020\/07\/yoonai_logo_v01_invert.png\",\"width\":600,\"height\":165,\"caption\":\"Yoonai\"},\"image\":{\"@id\":\"https:\/\/yoonai.de\/#\/schema\/logo\/image\/\"}}]}<\/script>\n<!-- \/ Yoast SEO plugin. -->","yoast_head_json":{"title":"3D Visualisierungen und Produktvisualisierung - Ihre 3D-Renderings","description":"3D-Visualisierungen - Agentur - 3D-Animationen - 3D-Grafiken - 3D Produktvisualisierung - 3D Produktanimation - 3D-Modelle - 3D-Renderings","robots":{"index":"index","follow":"follow","max-snippet":"max-snippet:-1","max-image-preview":"max-image-preview:large","max-video-preview":"max-video-preview:-1"},"canonical":"https:\/\/yoonai.de\/?page_id=35","og_locale":"de_DE","og_type":"article","og_title":"3D Visualisierungen und Produktvisualisierung - Ihre 3D-Renderings","og_description":"3D-Visualisierungen - Agentur - 3D-Animationen - 3D-Grafiken - 3D Produktvisualisierung - 3D Produktanimation - 3D-Modelle - 3D-Renderings","og_url":"https:\/\/yoonai.de\/?page_id=35","og_site_name":"YOONAI","article_modified_time":"2025-04-21T17:20:35+00:00","og_image":[{"width":1920,"height":944,"url":"https:\/\/yoonai.de\/wp-content\/uploads\/2025\/04\/car2_xray_final.jpg","type":"image\/jpeg"}],"twitter_card":"summary_large_image","twitter_misc":{"Gesch\u00e4tzte Lesezeit":"3\u00a0Minuten"},"schema":{"@context":"https:\/\/schema.org","@graph":[{"@type":"WebPage","@id":"https:\/\/yoonai.de\/?page_id=35","url":"https:\/\/yoonai.de\/?page_id=35","name":"3D Visualisierungen und Produktvisualisierung - Ihre 3D-Renderings","isPartOf":{"@id":"https:\/\/yoonai.de\/#website"},"primaryImageOfPage":{"@id":"https:\/\/yoonai.de\/?page_id=35#primaryimage"},"image":{"@id":"https:\/\/yoonai.de\/?page_id=35#primaryimage"},"thumbnailUrl":"https:\/\/yoonai.de\/wp-content\/uploads\/2025\/04\/car2_xray_final-1024x503.jpg","datePublished":"2020-04-20T10:31:57+00:00","dateModified":"2025-04-21T17:20:35+00:00","description":"3D-Visualisierungen - Agentur - 3D-Animationen - 3D-Grafiken - 3D Produktvisualisierung - 3D Produktanimation - 3D-Modelle - 3D-Renderings","breadcrumb":{"@id":"https:\/\/yoonai.de\/?page_id=35#breadcrumb"},"inLanguage":"de","potentialAction":[{"@type":"ReadAction","target":["https:\/\/yoonai.de\/?page_id=35"]}]},{"@type":"ImageObject","inLanguage":"de","@id":"https:\/\/yoonai.de\/?page_id=35#primaryimage","url":"https:\/\/yoonai.de\/wp-content\/uploads\/2025\/04\/car2_xray_final.jpg","contentUrl":"https:\/\/yoonai.de\/wp-content\/uploads\/2025\/04\/car2_xray_final.jpg","width":1920,"height":944},{"@type":"BreadcrumbList","@id":"https:\/\/yoonai.de\/?page_id=35#breadcrumb","itemListElement":[{"@type":"ListItem","position":1,"name":"Startseite","item":"https:\/\/yoonai.de\/"},{"@type":"ListItem","position":2,"name":"Leistungen","item":"https:\/\/yoonai.de\/?page_id=12"},{"@type":"ListItem","position":3,"name":"3D-Visualisierungen"}]},{"@type":"WebSite","@id":"https:\/\/yoonai.de\/#website","url":"https:\/\/yoonai.de\/","name":"YOONAI","description":"Grafikdesign","publisher":{"@id":"https:\/\/yoonai.de\/#organization"},"potentialAction":[{"@type":"SearchAction","target":{"@type":"EntryPoint","urlTemplate":"https:\/\/yoonai.de\/?s={search_term_string}"},"query-input":{"@type":"PropertyValueSpecification","valueRequired":true,"valueName":"search_term_string"}}],"inLanguage":"de"},{"@type":"Organization","@id":"https:\/\/yoonai.de\/#organization","name":"Yoonai","url":"https:\/\/yoonai.de\/","logo":{"@type":"ImageObject","inLanguage":"de","@id":"https:\/\/yoonai.de\/#\/schema\/logo\/image\/","url":"https:\/\/yoonai.de\/wp-content\/uploads\/2020\/07\/yoonai_logo_v01_invert.png","contentUrl":"https:\/\/yoonai.de\/wp-content\/uploads\/2020\/07\/yoonai_logo_v01_invert.png","width":600,"height":165,"caption":"Yoonai"},"image":{"@id":"https:\/\/yoonai.de\/#\/schema\/logo\/image\/"}}]}},"_links":{"self":[{"href":"https:\/\/yoonai.de\/index.php?rest_route=\/wp\/v2\/pages\/35","targetHints":{"allow":["GET"]}}],"collection":[{"href":"https:\/\/yoonai.de\/index.php?rest_route=\/wp\/v2\/pages"}],"about":[{"href":"https:\/\/yoonai.de\/index.php?rest_route=\/wp\/v2\/types\/page"}],"author":[{"embeddable":true,"href":"https:\/\/yoonai.de\/index.php?rest_route=\/wp\/v2\/users\/1"}],"replies":[{"embeddable":true,"href":"https:\/\/yoonai.de\/index.php?rest_route=%2Fwp%2Fv2%2Fcomments&post=35"}],"version-history":[{"count":46,"href":"https:\/\/yoonai.de\/index.php?rest_route=\/wp\/v2\/pages\/35\/revisions"}],"predecessor-version":[{"id":692,"href":"https:\/\/yoonai.de\/index.php?rest_route=\/wp\/v2\/pages\/35\/revisions\/692"}],"up":[{"embeddable":true,"href":"https:\/\/yoonai.de\/index.php?rest_route=\/wp\/v2\/pages\/12"}],"wp:attachment":[{"href":"https:\/\/yoonai.de\/index.php?rest_route=%2Fwp%2Fv2%2Fmedia&parent=35"}],"curies":[{"name":"wp","href":"https:\/\/api.w.org\/{rel}","templated":true}]}}