{"id":101,"date":"2020-07-31T14:45:41","date_gmt":"2020-07-31T14:45:41","guid":{"rendered":"https:\/\/yoonai.de\/?page_id=101"},"modified":"2020-10-28T18:16:20","modified_gmt":"2020-10-28T16:16:20","slug":"allgemeine-geschaeftsbedingungen","status":"publish","type":"page","link":"https:\/\/yoonai.de\/?page_id=101","title":{"rendered":"Allgemeine Gesch\u00e4ftsbedingungen"},"content":{"rendered":"\n<h1 class=\"wp-block-heading\"><strong>Allgemeine Gesch\u00e4ftsbedingungen<\/strong><\/h1>\n\n\n\n<p><strong>1. Geltungsbereich<\/strong><br>1.1. Die allgemeinen Gesch\u00e4ftsbedingungen, folgend AGB, gelten f\u00fcr alle mit YOONAI  GRAFIKDESIGN und dem Auftraggeber geschlossenen Vertr\u00e4ge bzw. vom Auftraggeber angenommenen Angebote.<br>1.2. Abweichende Bedingungen aus den allgemeinen Gesch\u00e4ftsbedingungen finden bei schriftlicher Zustimmung durch YOONAI GRAFIKDESIGN ihre G\u00fcltigkeit.<\/p>\n\n\n\n<p><strong>2. Erf\u00fcllungsort<\/strong><br>2.1. Erf\u00fcllungsort f\u00fcr YOONAI GRAFIKDESIGN und dem Auftragsgeber ist der Sitz von YOONAI   GRAFIKDESIGN.<\/p>\n\n\n\n<p><strong>3. Urheberschutz und Nutzungsrechte<\/strong><br>3.1. Erteilte Auftr\u00e4ge an YOONAI GRAFIKDESIGN sind Urheberwerkvertr\u00e4ge. Vertragsgegenstand ist die Schaffung des in Auftrag gegebenen Werkes und die Genehmigung von Nutzungsrechten an diesem Werk. Es gelten die Vorschriften des Werkvertragsrechts und des Urheberrechtsgesetzes.<br>3.2. YOONAI GRAFIKDESIGN r\u00e4umt dem Auftraggeber erforderliche Nutzungsrechte ein. Hierzu wird das einfache Nutzungsrecht einger\u00e4umt, es sei denn, YOONAI GRAFIKDESIGN und der Auftraggeber treffen eine ausdr\u00fccklich abweichende Vereinbarung. Die Einr\u00e4umung der Nutzungsrechte erfolgt erst mit der vollst\u00e4ndigen Bezahlung. Die \u00dcbertragung einger\u00e4umter Nutzungsrechte an Dritte bedarf der vorherigen schriftlichen Zustimmung.<br>3.3. Der Auftraggeber ist ohne vorherige schriftliche Zustimmung durch YOONAI GRAFIKDESIGN nicht berechtigt, in Bezug auf die Entw\u00fcrfe, Reinzeichnungen oder sonstigen Arbeiten formale Schutzrechte, wie z.B. Geschmacksmuster, Marke etc. zur Eintragung anzumelden.<br>3.4. Ohne Zustimmung von YOONAI GRAFIKDESIGN d\u00fcrfen die Arbeiten sowie das Werk mitsamt der Urheberbezeichnung nicht im Original noch bei der Reproduktion ge\u00e4ndert werden. Jede Nachahmung des Werkes oder Teilen des Werkes sowie der Vorarbeiten dazu sind unzul\u00e4ssig.<br>3.5. Alle Arbeiten von YOONAI GRAFIKDESIGN sind als pers\u00f6nlich geistige Sch\u00f6pfungen durch das Urheberrechtsgesetz gesch\u00fctzt, dessen Regelungen auch dann als vereinbart gelten, wenn die Voraussetzungen f\u00fcr ein urheberrechtlich gesch\u00fctztes Werk, so insbesondere hinsichtlich der erforderlichen Sch\u00f6pfungsh\u00f6he (\u00a7 2 Abs. 2 UrhG), nicht erreicht sind.<br>3.6. An allen Entw\u00fcrfen und Konzeptionsleistungen sowie etwaig zur Verf\u00fcgung gestellter Daten, gleichg\u00fcltig ob sie zur Ausf\u00fchrung gelangen oder nicht, werden lediglich Nutzungsrechte einger\u00e4umt, nicht jedoch Eigentumsrechte \u00fcbertragen.<\/p>\n\n\n\n<p><strong>4. Leistungen, Entgelte und F\u00e4lligkeiten<\/strong><br>4.1. In Rechnung gestellte Leistungen sind ohne gesetzliche Mehrwertsteuer; die Kleinunternehmerregel gem\u00e4\u00df \u00a7 19 UStG findet Anwendung.<br>4.2. Anfertigungen von Entw\u00fcrfen und Mustern sind, wenn nicht schriftlich etwas anderes vereinbart ist, kostenpflichtig.<br>4.3. Zusatzleistungen, wie beispielhaft Umarbeitungen oder \u00c4nderung von Entw\u00fcrfen oder Auftr\u00e4gen, Recherche, etc. werden nach Zeitaufwand gesondert berechnet.<br>4.4. Fallen Kosten und Spesen f\u00fcr Reisen an, die nach vorheriger Abstimmung zwecks Durchf\u00fchrung und Erf\u00fcllung des Auftrags oder der Nutzung der Werke erforderlich sind, werden diese vom Auftraggeber erstattet.<br>4.5. F\u00fcr YOONAI GRAFIKDESIGN besteht f\u00fcr die erteilten Auftr\u00e4ge Gestaltungsfreiheit. In diesem Umfang sind Beanstandungen hinsichtlich der k\u00fcnstlerischen Gestaltung der Entw\u00fcrfe und des Werkes ausgeschlossen. Mehrkosten f\u00fcr \u00c4nderungen, die der Auftraggeber w\u00e4hrend oder nach dem Auftrag veranlasst, tr\u00e4gt der Auftraggeber.<br>4.6. Die Zahlung der f\u00fcr die in Rechnung gestellten Leistungen hat ausschlie\u00dflich bargeldlos auf einem ausgewiesenen Konto zu erfolgen. Der Abzug von Rabatten oder Skonti ist nicht zul\u00e4ssig.<br>4.7. Die abgewickelten Auftr\u00e4ge sind bei Ablieferung des Auftrages f\u00e4llig. Bei Auftr\u00e4gen \u00fcber einen l\u00e4ngeren Zeitraum kann YOONAI GRAFIKDESIGN Abschlagszahlungen entsprechend den erbrachten Leistungen verlangen.<\/p>\n\n\n\n<p><strong>5. Gew\u00e4hrleistung, Datenlieferung und Haftung<\/strong><br>5.1. Der Auftraggeber versichert, zur Nutzung aller Unterlagen, die er YOONAI GRAFIKDESIGN zur Verf\u00fcgung stellt, berechtigt zu sein. Dieser ist allein verantwortlich f\u00fcr die Richtigkeit und Vollst\u00e4ndigkeit der von ihm gestellten Unterlagen. Ist der Auftraggeber nicht zur Nutzung berechtigt sein oder sollten die Vorlagen nicht frei von Rechten Dritter sein, stellt der Auftraggeber YOONAI GRAFIKDESIGN im Innenverh\u00e4ltnis von allen Ersatzanspr\u00fcchen Dritter frei.<br>5.2. YOONAI GRAFIKDESIGN haftet f\u00fcr Sch\u00e4den bei Vorsatz sowie grober Fahrl\u00e4ssigkeit. Ausgenommen sind Sch\u00e4den aus der Verletzung einer Vertragspflicht, die f\u00fcr die Erreichung des Vertragszwecks von wesentlicher Bedeutung ist (Kardinalpflicht), und Sch\u00e4den aus der Verletzung des Lebens, des K\u00f6rpers oder der Gesundheit, f\u00fcr welche YOONAI GRAFIKDESIGN bei leichter Fahrl\u00e4ssigkeit haftet.<br>5.3. Anspr\u00fcche des Auftraggebers gegen YOONAI GRAFIKDESIGN aufgrund einer Pflichtverletzung verj\u00e4hren ein Jahr nach dem gesetzlichen Verj\u00e4hrungsbeginn. Davon ausgenommen sind Schadensersatzanspr\u00fcche gem\u00e4\u00df Ziffer 6.2; f\u00fcr diese gelten die gesetzlichen Verj\u00e4hrungsfristen.<br>5.4. Der Auftraggeber ist verpflichtet, den Auftrag unverz\u00fcglich nach Ablieferung zu untersuchen und etwaige M\u00e4ngel unverz\u00fcglich anzuzeigen. Offensichtliche M\u00e4ngel m\u00fcssen sp\u00e4testens binnen zwei Wochen nach Ablieferung schriftlich geltend gemacht werden. Bei Verletzung der Untersuchungs- und R\u00fcgepflicht gilt der Auftrag als mangelfrei abgenommen.<br>5.5. Die Freigabe von Produktion und Ver\u00f6ffentlichung erfolgt durch den Auftraggeber. Mit der Freigabe \u00fcbernimmt der Auftraggeber die Haftung f\u00fcr die technische und funktionsgem\u00e4\u00dfe Richtigkeit von Text, Bild, Gestaltung und Produkt.<br>5.6. YOONAI GRAFIKDESIGN haftet nicht f\u00fcr die urheber-, geschmacksmuster- oder markenrechtliche Schutz- oder Eintragungsf\u00e4higkeit des Werkes oder Teilen des Werkes sowie<br>der Entw\u00fcrfe oder seiner sonstigen Arbeiten, die er dem Auftraggeber zur Nutzung \u00fcberl\u00e4sst. YOONAI GRAFIKDESIGN ist nicht verpflichtet, Geschmacksmuster-, Marken- oder sonstige Schutzrechtsrecherchen durchzuf\u00fchren oder zu veranlassen. Diese sowie eine \u00dcberpr\u00fcfung der Schutzrechtslage werden vom Auftraggeber selbst und auf eigene Kosten veranlasst.<br>5.7. YOONAI GRAFIKDESIGN haftet nicht f\u00fcr die rechtliche, insbesondere die urheber-, geschmacksmuster-, wettbewerbs- oder markenrechtliche Zul\u00e4ssigkeit der vorgesehenen Nutzung des Werkes oder von Teilen des Werkes oder der Entw\u00fcrfe. YOONAI GRAFIKDESIGN ist lediglich verpflichtet, auf rechtliche Risiken hinzuweisen, soweit diese bei der Durchf\u00fchrung des Auftrags bekannt werden.<br>5.8. Gefahr und Kosten des Transports von Datentr\u00e4gern, Dateien und Daten tr\u00e4gt unabh\u00e4ngig vom \u00dcbermittlungsweg der Auftraggeber.<br>5.9. F\u00fcr M\u00e4ngel an Datentr\u00e4gern, Dateien und Daten, die bei der Daten\u00fcbertragung auf das System des Auftraggebers entstehen, haftet YOONAI GRAFIKDESIGN nicht.<\/p>\n\n\n\n<p><strong>6. Schlussbestimmungen<\/strong><br>6.1. Es gilt das Recht der Bundesrepublik Deutschland mit Ausnahme des UN-Kaufrechts.<br>6.2. Ist eine der Bestimmungen dieser AGB ganz oder teilweise unwirksam, so bleibt die Wirksamkeit der \u00fcbrigen Bestimmungen hiervon unber\u00fchrt.<br>6.3. Der Gerichtsstand ist der Sitz von YOONAI GRAFIKDESIGN, wenn der Auftraggeber Kaufmann ist und der Vertrag zum Betrieb seines Handelsgewerbes geh\u00f6rt, der Auftraggeber juristische Person des \u00f6ffentlichen Rechts, ein \u00f6ffentlich-rechtliches Sonderverm\u00f6gen ist oder keinen allgemeinen Gerichtsstand in Deutschland hat. Weiterhin ist YOONAI GRAFIKDESIGN berechtigt, am Sitz des Auftraggebers zu klagen.<br><br>YOONAI GRAFIKDESIGN<br>Bedburg, 31. Juli 2020<\/p>\n","protected":false},"excerpt":{"rendered":"<p>Allgemeine Gesch\u00e4ftsbedingungen 1. Geltungsbereich1.1. Die allgemeinen Gesch\u00e4ftsbedingungen, folgend AGB, gelten f\u00fcr alle mit YOONAI GRAFIKDESIGN und dem Auftraggeber geschlossenen Vertr\u00e4ge bzw. vom Auftraggeber angenommenen Angebote.1.2. Abweichende Bedingungen aus den allgemeinen Gesch\u00e4ftsbedingungen finden bei schriftlicher Zustimmung durch YOONAI GRAFIKDESIGN ihre G\u00fcltigkeit. 2. Erf\u00fcllungsort2.1. Erf\u00fcllungsort f\u00fcr YOONAI GRAFIKDESIGN und dem Auftragsgeber ist der Sitz von YOONAI GRAFIKDESIGN. [&hellip;]<\/p>\n","protected":false},"author":2,"featured_media":0,"parent":4,"menu_order":0,"comment_status":"closed","ping_status":"closed","template":"","meta":{"ngg_post_thumbnail":0,"footnotes":""},"class_list":["post-101","page","type-page","status-publish","hentry","post"],"yoast_head":"<!-- This site is optimized with the Yoast SEO plugin v24.7 - https:\/\/yoast.com\/wordpress\/plugins\/seo\/ -->\n<title>Allgemeine Gesch\u00e4ftsbedingungen - YOONAI<\/title>\n<meta name=\"description\" content=\"3D-Visualisierungen - 3D-Agentur - 3D-Animationen - 3D-Grafiken - 3D Produktvisualisierung - 3D Produktanimation - 3D-Modelle - 3D-Renderings\" \/>\n<meta name=\"robots\" content=\"index, follow, max-snippet:-1, max-image-preview:large, max-video-preview:-1\" \/>\n<link rel=\"canonical\" href=\"https:\/\/yoonai.de\/?page_id=101\" \/>\n<meta property=\"og:locale\" content=\"de_DE\" \/>\n<meta property=\"og:type\" content=\"article\" \/>\n<meta property=\"og:title\" content=\"Allgemeine Gesch\u00e4ftsbedingungen - YOONAI\" \/>\n<meta property=\"og:description\" content=\"3D-Visualisierungen - 3D-Agentur - 3D-Animationen - 3D-Grafiken - 3D Produktvisualisierung - 3D Produktanimation - 3D-Modelle - 3D-Renderings\" \/>\n<meta property=\"og:url\" content=\"https:\/\/yoonai.de\/?page_id=101\" \/>\n<meta property=\"og:site_name\" content=\"YOONAI\" \/>\n<meta property=\"article:modified_time\" content=\"2020-10-28T16:16:20+00:00\" \/>\n<meta name=\"twitter:card\" content=\"summary_large_image\" \/>\n<meta name=\"twitter:label1\" content=\"Gesch\u00e4tzte Lesezeit\" \/>\n\t<meta name=\"twitter:data1\" content=\"5\u00a0Minuten\" \/>\n<script type=\"application\/ld+json\" class=\"yoast-schema-graph\">{\"@context\":\"https:\/\/schema.org\",\"@graph\":[{\"@type\":\"WebPage\",\"@id\":\"https:\/\/yoonai.de\/?page_id=101\",\"url\":\"https:\/\/yoonai.de\/?page_id=101\",\"name\":\"Allgemeine Gesch\u00e4ftsbedingungen - YOONAI\",\"isPartOf\":{\"@id\":\"https:\/\/yoonai.de\/#website\"},\"datePublished\":\"2020-07-31T14:45:41+00:00\",\"dateModified\":\"2020-10-28T16:16:20+00:00\",\"description\":\"3D-Visualisierungen - 3D-Agentur - 3D-Animationen - 3D-Grafiken - 3D Produktvisualisierung - 3D Produktanimation - 3D-Modelle - 3D-Renderings\",\"breadcrumb\":{\"@id\":\"https:\/\/yoonai.de\/?page_id=101#breadcrumb\"},\"inLanguage\":\"de\",\"potentialAction\":[{\"@type\":\"ReadAction\",\"target\":[\"https:\/\/yoonai.de\/?page_id=101\"]}]},{\"@type\":\"BreadcrumbList\",\"@id\":\"https:\/\/yoonai.de\/?page_id=101#breadcrumb\",\"itemListElement\":[{\"@type\":\"ListItem\",\"position\":1,\"name\":\"Startseite\",\"item\":\"https:\/\/yoonai.de\/\"},{\"@type\":\"ListItem\",\"position\":2,\"name\":\"Home YOONAI GRAFIKDESIGN\",\"item\":\"https:\/\/yoonai.de\/\"},{\"@type\":\"ListItem\",\"position\":3,\"name\":\"Allgemeine Gesch\u00e4ftsbedingungen\"}]},{\"@type\":\"WebSite\",\"@id\":\"https:\/\/yoonai.de\/#website\",\"url\":\"https:\/\/yoonai.de\/\",\"name\":\"YOONAI\",\"description\":\"Grafikdesign\",\"publisher\":{\"@id\":\"https:\/\/yoonai.de\/#organization\"},\"potentialAction\":[{\"@type\":\"SearchAction\",\"target\":{\"@type\":\"EntryPoint\",\"urlTemplate\":\"https:\/\/yoonai.de\/?s={search_term_string}\"},\"query-input\":{\"@type\":\"PropertyValueSpecification\",\"valueRequired\":true,\"valueName\":\"search_term_string\"}}],\"inLanguage\":\"de\"},{\"@type\":\"Organization\",\"@id\":\"https:\/\/yoonai.de\/#organization\",\"name\":\"Yoonai\",\"url\":\"https:\/\/yoonai.de\/\",\"logo\":{\"@type\":\"ImageObject\",\"inLanguage\":\"de\",\"@id\":\"https:\/\/yoonai.de\/#\/schema\/logo\/image\/\",\"url\":\"https:\/\/yoonai.de\/wp-content\/uploads\/2020\/07\/yoonai_logo_v01_invert.png\",\"contentUrl\":\"https:\/\/yoonai.de\/wp-content\/uploads\/2020\/07\/yoonai_logo_v01_invert.png\",\"width\":600,\"height\":165,\"caption\":\"Yoonai\"},\"image\":{\"@id\":\"https:\/\/yoonai.de\/#\/schema\/logo\/image\/\"}}]}<\/script>\n<!-- \/ Yoast SEO plugin. -->","yoast_head_json":{"title":"Allgemeine Gesch\u00e4ftsbedingungen - YOONAI","description":"3D-Visualisierungen - 3D-Agentur - 3D-Animationen - 3D-Grafiken - 3D Produktvisualisierung - 3D Produktanimation - 3D-Modelle - 3D-Renderings","robots":{"index":"index","follow":"follow","max-snippet":"max-snippet:-1","max-image-preview":"max-image-preview:large","max-video-preview":"max-video-preview:-1"},"canonical":"https:\/\/yoonai.de\/?page_id=101","og_locale":"de_DE","og_type":"article","og_title":"Allgemeine Gesch\u00e4ftsbedingungen - YOONAI","og_description":"3D-Visualisierungen - 3D-Agentur - 3D-Animationen - 3D-Grafiken - 3D Produktvisualisierung - 3D Produktanimation - 3D-Modelle - 3D-Renderings","og_url":"https:\/\/yoonai.de\/?page_id=101","og_site_name":"YOONAI","article_modified_time":"2020-10-28T16:16:20+00:00","twitter_card":"summary_large_image","twitter_misc":{"Gesch\u00e4tzte Lesezeit":"5\u00a0Minuten"},"schema":{"@context":"https:\/\/schema.org","@graph":[{"@type":"WebPage","@id":"https:\/\/yoonai.de\/?page_id=101","url":"https:\/\/yoonai.de\/?page_id=101","name":"Allgemeine Gesch\u00e4ftsbedingungen - YOONAI","isPartOf":{"@id":"https:\/\/yoonai.de\/#website"},"datePublished":"2020-07-31T14:45:41+00:00","dateModified":"2020-10-28T16:16:20+00:00","description":"3D-Visualisierungen - 3D-Agentur - 3D-Animationen - 3D-Grafiken - 3D Produktvisualisierung - 3D Produktanimation - 3D-Modelle - 3D-Renderings","breadcrumb":{"@id":"https:\/\/yoonai.de\/?page_id=101#breadcrumb"},"inLanguage":"de","potentialAction":[{"@type":"ReadAction","target":["https:\/\/yoonai.de\/?page_id=101"]}]},{"@type":"BreadcrumbList","@id":"https:\/\/yoonai.de\/?page_id=101#breadcrumb","itemListElement":[{"@type":"ListItem","position":1,"name":"Startseite","item":"https:\/\/yoonai.de\/"},{"@type":"ListItem","position":2,"name":"Home YOONAI GRAFIKDESIGN","item":"https:\/\/yoonai.de\/"},{"@type":"ListItem","position":3,"name":"Allgemeine Gesch\u00e4ftsbedingungen"}]},{"@type":"WebSite","@id":"https:\/\/yoonai.de\/#website","url":"https:\/\/yoonai.de\/","name":"YOONAI","description":"Grafikdesign","publisher":{"@id":"https:\/\/yoonai.de\/#organization"},"potentialAction":[{"@type":"SearchAction","target":{"@type":"EntryPoint","urlTemplate":"https:\/\/yoonai.de\/?s={search_term_string}"},"query-input":{"@type":"PropertyValueSpecification","valueRequired":true,"valueName":"search_term_string"}}],"inLanguage":"de"},{"@type":"Organization","@id":"https:\/\/yoonai.de\/#organization","name":"Yoonai","url":"https:\/\/yoonai.de\/","logo":{"@type":"ImageObject","inLanguage":"de","@id":"https:\/\/yoonai.de\/#\/schema\/logo\/image\/","url":"https:\/\/yoonai.de\/wp-content\/uploads\/2020\/07\/yoonai_logo_v01_invert.png","contentUrl":"https:\/\/yoonai.de\/wp-content\/uploads\/2020\/07\/yoonai_logo_v01_invert.png","width":600,"height":165,"caption":"Yoonai"},"image":{"@id":"https:\/\/yoonai.de\/#\/schema\/logo\/image\/"}}]}},"_links":{"self":[{"href":"https:\/\/yoonai.de\/index.php?rest_route=\/wp\/v2\/pages\/101","targetHints":{"allow":["GET"]}}],"collection":[{"href":"https:\/\/yoonai.de\/index.php?rest_route=\/wp\/v2\/pages"}],"about":[{"href":"https:\/\/yoonai.de\/index.php?rest_route=\/wp\/v2\/types\/page"}],"author":[{"embeddable":true,"href":"https:\/\/yoonai.de\/index.php?rest_route=\/wp\/v2\/users\/2"}],"replies":[{"embeddable":true,"href":"https:\/\/yoonai.de\/index.php?rest_route=%2Fwp%2Fv2%2Fcomments&post=101"}],"version-history":[{"count":22,"href":"https:\/\/yoonai.de\/index.php?rest_route=\/wp\/v2\/pages\/101\/revisions"}],"predecessor-version":[{"id":325,"href":"https:\/\/yoonai.de\/index.php?rest_route=\/wp\/v2\/pages\/101\/revisions\/325"}],"up":[{"embeddable":true,"href":"https:\/\/yoonai.de\/index.php?rest_route=\/wp\/v2\/pages\/4"}],"wp:attachment":[{"href":"https:\/\/yoonai.de\/index.php?rest_route=%2Fwp%2Fv2%2Fmedia&parent=101"}],"curies":[{"name":"wp","href":"https:\/\/api.w.org\/{rel}","templated":true}]}}